{"id":1334,"date":"2025-01-22T04:54:23","date_gmt":"2025-01-22T04:54:23","guid":{"rendered":"https:\/\/diputadoslocalesprigto.com\/?page_id=1334"},"modified":"2025-02-28T01:44:26","modified_gmt":"2025-02-28T01:44:26","slug":"rocio-cervantes-barba","status":"publish","type":"page","link":"https:\/\/diputadoslocalesprigto.com\/?page_id=1334","title":{"rendered":"Roc\u00edo Cervantes Barba"},"content":{"rendered":"<p style=\"text-align: center;\"><img data-recalc-dims=\"1\" fetchpriority=\"high\" decoding=\"async\" class=\"size-full wp-image-1319 aligncenter\" src=\"https:\/\/i0.wp.com\/diputadoslocalesprigto.com\/wp-content\/uploads\/2025\/01\/CURRICULUM-1-scaled-e1737516173405.jpeg?resize=610%2C763&#038;ssl=1\" alt=\"\" width=\"610\" height=\"763\" \/><\/p>\n<p style=\"text-align: center;\">rocio.cervantes@congresogto.gob.mx<\/p>\n<p style=\"text-align: center;\">Diputada local<\/p>\n<hr \/>\n<h5 data-uw-styling-context=\"true\">UBICACI\u00d3N DE OFICINA EN EL CONGRESO<\/h5>\n<p data-uw-styling-context=\"true\">Segundo Nivel. Tel\u00e9fono: (473)102-0000<\/p>\n<hr \/>\n<h5 data-uw-styling-context=\"true\">TRAYECTORIA<\/h5>\n<p data-uw-styling-context=\"true\">Coordinadora Ejecutiva en el \u00c1rea de Investigaci\u00f3n Socioecon\u00f3mica del Centro de Evaluaci\u00f3n y Control de Confianza del Estado de Guanajuato. 2011-2018<\/p>\n<p>S\u00edndico Municipal de Abasolo, Gto. 2018-2021<\/p>\n<p>Presidenta Municipal 2021-2024.<\/p>\n<p data-uw-styling-context=\"true\">\n<hr \/>\n<table style=\"border-collapse: collapse; width: 42.4528%; height: 216px;\">\n<tbody>\n<tr style=\"height: 24px;\" role=\"row\">\n<th style=\"width: 77.5457%; height: 24px; text-align: left;\" data-uw-styling-context=\"true\">Nombre<\/th>\n<th style=\"width: 21.1488%; height: 24px; text-align: center;\" data-uw-styling-context=\"true\">Nombramiento<\/th>\n<\/tr>\n<tr style=\"height: 24px;\">\n<td style=\"width: 77.5457%; height: 24px;\">Pleno<\/td>\n<td style=\"width: 21.1488%; height: 24px;\">\u00a0Diputada<\/td>\n<\/tr>\n<tr style=\"height: 24px;\">\n<td style=\"width: 77.5457%; height: 24px;\">Comisi\u00f3n de Fomento Agropecuario<\/td>\n<td style=\"width: 21.1488%; height: 24px;\">\u00a0Presidenta<\/td>\n<\/tr>\n<tr style=\"height: 24px;\">\n<td style=\"width: 77.5457%; height: 24px;\">Comisi\u00f3n de Responsabilidades<\/td>\n<td style=\"width: 21.1488%; height: 24px;\">\u00a0Secretaria<\/td>\n<\/tr>\n<tr style=\"height: 24px;\">\n<td style=\"width: 77.5457%; height: 24px;\">Comisi\u00f3n de Turismo<\/td>\n<td style=\"width: 21.1488%; height: 24px;\">\u00a0Vocal<\/td>\n<\/tr>\n<tr style=\"height: 24px;\">\n<td style=\"width: 77.5457%; height: 24px;\">Mesa Directiva<\/td>\n<td style=\"width: 21.1488%; height: 24px;\">\u00a0Segunda Secretaria<\/td>\n<\/tr>\n<tr style=\"height: 24px;\">\n<td style=\"width: 77.5457%; height: 24px;\">Comisi\u00f3n de Gobernaci\u00f3n y Puntos Constitucionales<\/td>\n<td style=\"width: 21.1488%; height: 24px;\">\u00a0Vocal<\/td>\n<\/tr>\n<tr style=\"height: 48px;\">\n<td style=\"width: 77.5457%; height: 48px;\">Comisiones Unidas de Hacienda y Fiscalizaci\u00f3n y de Gobernaci\u00f3n y Puntos Constitucionales<\/td>\n<td style=\"width: 21.1488%; height: 48px;\">\u00a0Vocal<\/td>\n<\/tr>\n<\/tbody>\n<\/table>\n","protected":false},"excerpt":{"rendered":"<p>rocio.cervantes@congresogto.gob.mx Diputada local UBICACI\u00d3N DE OFICINA EN EL CONGRESO Segundo Nivel. Tel\u00e9fono: (473)102-0000 TRAYECTORIA Coordinadora Ejecutiva en el \u00c1rea de Investigaci\u00f3n Socioecon\u00f3mica del Centro de Evaluaci\u00f3n y Control de Confianza del Estado de Guanajuato. 2011-2018 S\u00edndico Municipal de Abasolo, Gto. 2018-2021 Presidenta Municipal 2021-2024. Nombre Nombramiento Pleno \u00a0Diputada Comisi\u00f3n de Fomento Agropecuario \u00a0Presidenta Comisi\u00f3n de Responsabilidades \u00a0Secretaria Comisi\u00f3n de Turismo \u00a0Vocal Mesa Directiva \u00a0Segunda Secretaria Comisi\u00f3n de Gobernaci\u00f3n y Puntos Constitucionales \u00a0Vocal Comisiones Unidas de Hacienda y Fiscalizaci\u00f3n y de Gobernaci\u00f3n y Puntos Constitucionales \u00a0Vocal<\/p>\n","protected":false},"author":1,"featured_media":0,"parent":0,"menu_order":0,"comment_status":"closed","ping_status":"closed","template":"","meta":{"_monsterinsights_skip_tracking":false,"_monsterinsights_sitenote_active":false,"_monsterinsights_sitenote_note":"","_monsterinsights_sitenote_category":0,"footnotes":""},"class_list":["post-1334","page","type-page","status-publish","hentry"],"jetpack_sharing_enabled":true,"acf":[],"rttpg_featured_image_url":null,"rttpg_author":{"display_name":"AdmminDip","author_link":"https:\/\/diputadoslocalesprigto.com\/?author=1"},"rttpg_comment":0,"rttpg_category":null,"rttpg_excerpt":"rocio.cervantes@congresogto.gob.mx Diputada local UBICACI\u00d3N DE OFICINA EN EL CONGRESO Segundo Nivel. Tel\u00e9fono: (473)102-0000 TRAYECTORIA Coordinadora Ejecutiva en el \u00c1rea de Investigaci\u00f3n Socioecon\u00f3mica del Centro de Evaluaci\u00f3n y Control de Confianza del Estado de Guanajuato. 2011-2018 S\u00edndico Municipal de Abasolo, Gto. 2018-2021 Presidenta Municipal 2021-2024. Nombre Nombramiento Pleno \u00a0Diputada Comisi\u00f3n de Fomento Agropecuario \u00a0Presidenta Comisi\u00f3n de&hellip;","_links":{"self":[{"href":"https:\/\/diputadoslocalesprigto.com\/index.php?rest_route=\/wp\/v2\/pages\/1334","targetHints":{"allow":["GET"]}}],"collection":[{"href":"https:\/\/diputadoslocalesprigto.com\/index.php?rest_route=\/wp\/v2\/pages"}],"about":[{"href":"https:\/\/diputadoslocalesprigto.com\/index.php?rest_route=\/wp\/v2\/types\/page"}],"author":[{"embeddable":true,"href":"https:\/\/diputadoslocalesprigto.com\/index.php?rest_route=\/wp\/v2\/users\/1"}],"replies":[{"embeddable":true,"href":"https:\/\/diputadoslocalesprigto.com\/index.php?rest_route=%2Fwp%2Fv2%2Fcomments&post=1334"}],"version-history":[{"count":5,"href":"https:\/\/diputadoslocalesprigto.com\/index.php?rest_route=\/wp\/v2\/pages\/1334\/revisions"}],"predecessor-version":[{"id":1505,"href":"https:\/\/diputadoslocalesprigto.com\/index.php?rest_route=\/wp\/v2\/pages\/1334\/revisions\/1505"}],"wp:attachment":[{"href":"https:\/\/diputadoslocalesprigto.com\/index.php?rest_route=%2Fwp%2Fv2%2Fmedia&parent=1334"}],"curies":[{"name":"wp","href":"https:\/\/api.w.org\/{rel}","templated":true}]}}