{"id":26,"date":"2021-10-29T03:01:48","date_gmt":"2021-10-29T03:01:48","guid":{"rendered":"https:\/\/diputadoslocalesprigto.com\/?page_id=26"},"modified":"2025-01-22T04:57:47","modified_gmt":"2025-01-22T04:57:47","slug":"diputados","status":"publish","type":"page","link":"https:\/\/diputadoslocalesprigto.com\/?page_id=26","title":{"rendered":"Diputados"},"content":{"rendered":"<p>&nbsp;<\/p>\n<p>&nbsp;<\/p>\n<p><img data-recalc-dims=\"1\" fetchpriority=\"high\" decoding=\"async\" class=\"aligncenter wp-image-1320\" src=\"https:\/\/i0.wp.com\/diputadoslocalesprigto.com\/wp-content\/uploads\/2025\/01\/CURRICULUM-2-scaled-e1737516104947.jpeg?resize=610%2C763&#038;ssl=1\" alt=\"\" width=\"610\" height=\"763\" \/><\/p>\n<p style=\"text-align: center;\"><a href=\"https:\/\/diputadoslocalesprigto.com\/?page_id=294\"><span style=\"font-size: 18pt;\">Dip. Ruth Noem\u00ed Tiscare\u00f1o Agoitia<\/span><\/a><\/p>\n<p>&nbsp;<\/p>\n<p style=\"text-align: center;\"><img data-recalc-dims=\"1\" decoding=\"async\" class=\"wp-image-1319 size-full aligncenter\" src=\"https:\/\/i0.wp.com\/diputadoslocalesprigto.com\/wp-content\/uploads\/2025\/01\/CURRICULUM-1-scaled-e1737516173405.jpeg?resize=610%2C763&#038;ssl=1\" alt=\"\" width=\"610\" height=\"763\" \/><\/p>\n<p style=\"text-align: center;\"><a href=\"https:\/\/diputadoslocalesprigto.com\/?page_id=1334\"><span style=\"font-size: 18pt;\">Dip. Roc\u00edo Cervantes Barba<\/span><\/a><\/p>\n<p>&nbsp;<\/p>\n<p><img data-recalc-dims=\"1\" decoding=\"async\" class=\"wp-image-1321 size-full aligncenter\" src=\"https:\/\/i0.wp.com\/diputadoslocalesprigto.com\/wp-content\/uploads\/2025\/01\/CURRICULUM-3-scaled-e1737516263836.jpeg?resize=610%2C763&#038;ssl=1\" alt=\"\" width=\"610\" height=\"763\" \/><\/p>\n<p style=\"text-align: center;\"><a href=\"https:\/\/diputadoslocalesprigto.com\/?page_id=290\"><span style=\"font-size: 18pt;\">Dip. Alejandro Arias \u00c1vila<\/span><\/a><\/p>\n<p>&nbsp;<\/p>\n<p>&nbsp;<\/p>\n","protected":false},"excerpt":{"rendered":"<p>&nbsp; &nbsp; Dip. Ruth Noem\u00ed Tiscare\u00f1o Agoitia &nbsp; Dip. Roc\u00edo Cervantes Barba &nbsp; Dip. Alejandro Arias \u00c1vila &nbsp; &nbsp;<\/p>\n","protected":false},"author":1,"featured_media":0,"parent":0,"menu_order":0,"comment_status":"closed","ping_status":"closed","template":"","meta":{"_monsterinsights_skip_tracking":false,"_monsterinsights_sitenote_active":false,"_monsterinsights_sitenote_note":"","_monsterinsights_sitenote_category":0,"footnotes":""},"class_list":["post-26","page","type-page","status-publish","hentry"],"jetpack_sharing_enabled":true,"acf":[],"rttpg_featured_image_url":null,"rttpg_author":{"display_name":"AdmminDip","author_link":"https:\/\/diputadoslocalesprigto.com\/?author=1"},"rttpg_comment":0,"rttpg_category":null,"rttpg_excerpt":"&nbsp; &nbsp; Dip. Ruth Noem\u00ed Tiscare\u00f1o Agoitia &nbsp; Dip. Roc\u00edo Cervantes Barba &nbsp; Dip. Alejandro Arias \u00c1vila &nbsp; &nbsp;","_links":{"self":[{"href":"https:\/\/diputadoslocalesprigto.com\/index.php?rest_route=\/wp\/v2\/pages\/26","targetHints":{"allow":["GET"]}}],"collection":[{"href":"https:\/\/diputadoslocalesprigto.com\/index.php?rest_route=\/wp\/v2\/pages"}],"about":[{"href":"https:\/\/diputadoslocalesprigto.com\/index.php?rest_route=\/wp\/v2\/types\/page"}],"author":[{"embeddable":true,"href":"https:\/\/diputadoslocalesprigto.com\/index.php?rest_route=\/wp\/v2\/users\/1"}],"replies":[{"embeddable":true,"href":"https:\/\/diputadoslocalesprigto.com\/index.php?rest_route=%2Fwp%2Fv2%2Fcomments&post=26"}],"version-history":[{"count":21,"href":"https:\/\/diputadoslocalesprigto.com\/index.php?rest_route=\/wp\/v2\/pages\/26\/revisions"}],"predecessor-version":[{"id":1338,"href":"https:\/\/diputadoslocalesprigto.com\/index.php?rest_route=\/wp\/v2\/pages\/26\/revisions\/1338"}],"wp:attachment":[{"href":"https:\/\/diputadoslocalesprigto.com\/index.php?rest_route=%2Fwp%2Fv2%2Fmedia&parent=26"}],"curies":[{"name":"wp","href":"https:\/\/api.w.org\/{rel}","templated":true}]}}