{"id":294,"date":"2021-11-22T20:49:51","date_gmt":"2021-11-22T20:49:51","guid":{"rendered":"https:\/\/diputadoslocalesprigto.com\/?page_id=294"},"modified":"2025-02-28T01:36:20","modified_gmt":"2025-02-28T01:36:20","slug":"ruth-noemi-tiscareno-agoitia","status":"publish","type":"page","link":"https:\/\/diputadoslocalesprigto.com\/?page_id=294","title":{"rendered":"Ruth Noem\u00ed Tiscare\u00f1o"},"content":{"rendered":"<figure><\/figure>\n<p style=\"text-align: center;\"><img data-recalc-dims=\"1\" fetchpriority=\"high\" decoding=\"async\" class=\"aligncenter wp-image-1320\" src=\"https:\/\/i0.wp.com\/diputadoslocalesprigto.com\/wp-content\/uploads\/2025\/01\/CURRICULUM-2-scaled-e1737516104947.jpeg?resize=610%2C763&#038;ssl=1\" alt=\"\" width=\"610\" height=\"763\" \/>ruth.tiscareno@congresogto.gob.mx<\/p>\n<p style=\"text-align: center;\" data-uw-styling-context=\"true\">Diputada local<\/p>\n<hr \/>\n<h5 data-uw-styling-context=\"true\">UBICACI\u00d3N DE OFICINA EN EL CONGRESO<\/h5>\n<p data-uw-styling-context=\"true\">Segundo Nivel. Tel\u00e9fono: (473)102-0000<\/p>\n<hr \/>\n<h5 data-uw-styling-context=\"true\">ESTUDIOS<\/h5>\n<p>\u2022 Maestra en \u201cEstrategias Anticorrupci\u00f3n y Estado de Derecho\u201d, por el Instituto Nacional\u00a0 de Ciencias Penales.\u2022 Master en \u201cPrevenci\u00f3n y Combate a la Corrupci\u00f3n\u201d, por la Universidad de Salamanca,\u00a0 Espa\u00f1a.\u2022 Licenciada en Contadur\u00eda P\u00fablica, Facultad de Contadur\u00eda y Administraci\u00f3n de la\u00a0 Universidad Aut\u00f3noma de San Luis Potos\u00ed.<br \/>\nComisiones<\/p>\n<table id=\"DataTables_Table_2\" style=\"width: 27.9307%; height: 120px;\" role=\"grid\" aria-describedby=\"DataTables_Table_2_info\">\n<thead>\n<tr style=\"height: 24px;\" role=\"row\">\n<th style=\"width: 77.5457%; height: 24px; text-align: left;\" data-uw-styling-context=\"true\">Nombre<\/th>\n<th style=\"width: 21.1488%; height: 24px;\" data-uw-styling-context=\"true\">Nombramiento<\/th>\n<\/tr>\n<\/thead>\n<tbody>\n<tr style=\"height: 24px;\" role=\"row\">\n<td style=\"width: 77.5457%; height: 24px;\">Pleno<\/td>\n<td style=\"width: 21.1488%; height: 24px;\" data-uw-styling-context=\"true\">Diputada<\/td>\n<\/tr>\n<tr style=\"height: 24px;\" role=\"row\">\n<td style=\"width: 77.5457%; height: 24px;\">Comisi\u00f3n de Asuntos Electorales<\/td>\n<td style=\"width: 21.1488%; height: 24px;\" data-uw-styling-context=\"true\">Presidenta<\/td>\n<\/tr>\n<tr style=\"height: 24px;\" role=\"row\">\n<td style=\"width: 77.5457%; height: 24px;\">Comisi\u00f3n de Justicia<\/td>\n<td style=\"width: 21.1488%; height: 24px;\" data-uw-styling-context=\"true\">Vocal<\/td>\n<\/tr>\n<tr style=\"height: 24px;\" role=\"row\">\n<td style=\"width: 77.5457%; height: 24px;\">Comisi\u00f3n de Asuntos Municipales<\/td>\n<td style=\"width: 21.1488%; height: 24px;\" data-uw-styling-context=\"true\">Vocal<\/td>\n<\/tr>\n<\/tbody>\n<\/table>\n","protected":false},"excerpt":{"rendered":"<p>ruth.tiscareno@congresogto.gob.mx Diputada local UBICACI\u00d3N DE OFICINA EN EL CONGRESO Segundo Nivel. Tel\u00e9fono: (473)102-0000 ESTUDIOS \u2022 Maestra en \u201cEstrategias Anticorrupci\u00f3n y Estado de Derecho\u201d, por el Instituto Nacional\u00a0 de Ciencias Penales.\u2022 Master en \u201cPrevenci\u00f3n y Combate a la Corrupci\u00f3n\u201d, por la Universidad de Salamanca,\u00a0 Espa\u00f1a.\u2022 Licenciada en Contadur\u00eda P\u00fablica, Facultad de Contadur\u00eda y Administraci\u00f3n de la\u00a0 Universidad Aut\u00f3noma de San Luis Potos\u00ed. Comisiones Nombre Nombramiento Pleno Diputada Comisi\u00f3n de Asuntos Electorales Presidenta Comisi\u00f3n de Justicia Vocal Comisi\u00f3n de Asuntos Municipales Vocal<\/p>\n","protected":false},"author":1,"featured_media":0,"parent":26,"menu_order":0,"comment_status":"closed","ping_status":"closed","template":"","meta":{"_monsterinsights_skip_tracking":false,"_monsterinsights_sitenote_active":false,"_monsterinsights_sitenote_note":"","_monsterinsights_sitenote_category":0,"footnotes":""},"class_list":["post-294","page","type-page","status-publish","hentry"],"jetpack_sharing_enabled":true,"acf":[],"rttpg_featured_image_url":null,"rttpg_author":{"display_name":"AdmminDip","author_link":"https:\/\/diputadoslocalesprigto.com\/?author=1"},"rttpg_comment":0,"rttpg_category":null,"rttpg_excerpt":"ruth.tiscareno@congresogto.gob.mx Diputada local UBICACI\u00d3N DE OFICINA EN EL CONGRESO Segundo Nivel. Tel\u00e9fono: (473)102-0000 ESTUDIOS \u2022 Maestra en \u201cEstrategias Anticorrupci\u00f3n y Estado de Derecho\u201d, por el Instituto Nacional\u00a0 de Ciencias Penales.\u2022 Master en \u201cPrevenci\u00f3n y Combate a la Corrupci\u00f3n\u201d, por la Universidad de Salamanca,\u00a0 Espa\u00f1a.\u2022 Licenciada en Contadur\u00eda P\u00fablica, Facultad de Contadur\u00eda y Administraci\u00f3n de la\u00a0&hellip;","_links":{"self":[{"href":"https:\/\/diputadoslocalesprigto.com\/index.php?rest_route=\/wp\/v2\/pages\/294","targetHints":{"allow":["GET"]}}],"collection":[{"href":"https:\/\/diputadoslocalesprigto.com\/index.php?rest_route=\/wp\/v2\/pages"}],"about":[{"href":"https:\/\/diputadoslocalesprigto.com\/index.php?rest_route=\/wp\/v2\/types\/page"}],"author":[{"embeddable":true,"href":"https:\/\/diputadoslocalesprigto.com\/index.php?rest_route=\/wp\/v2\/users\/1"}],"replies":[{"embeddable":true,"href":"https:\/\/diputadoslocalesprigto.com\/index.php?rest_route=%2Fwp%2Fv2%2Fcomments&post=294"}],"version-history":[{"count":9,"href":"https:\/\/diputadoslocalesprigto.com\/index.php?rest_route=\/wp\/v2\/pages\/294\/revisions"}],"predecessor-version":[{"id":1496,"href":"https:\/\/diputadoslocalesprigto.com\/index.php?rest_route=\/wp\/v2\/pages\/294\/revisions\/1496"}],"up":[{"embeddable":true,"href":"https:\/\/diputadoslocalesprigto.com\/index.php?rest_route=\/wp\/v2\/pages\/26"}],"wp:attachment":[{"href":"https:\/\/diputadoslocalesprigto.com\/index.php?rest_route=%2Fwp%2Fv2%2Fmedia&parent=294"}],"curies":[{"name":"wp","href":"https:\/\/api.w.org\/{rel}","templated":true}]}}